{"id":534,"date":"2025-11-19T08:45:40","date_gmt":"2025-11-19T11:45:40","guid":{"rendered":"https:\/\/esquerra.com.ar\/hockey\/?page_id=534"},"modified":"2025-11-19T08:54:46","modified_gmt":"2025-11-19T11:54:46","slug":"historial-mundialito-hockey","status":"publish","type":"page","link":"https:\/\/esquerra.com.ar\/hockey\/","title":{"rendered":"HISTORIAL MUNDIALITO HOCKEY"},"content":{"rendered":"\t\t<div data-elementor-type=\"wp-page\" data-elementor-id=\"534\" class=\"elementor elementor-534\">\n\t\t\t\t<div class=\"elementor-element elementor-element-74a0df08 e-flex e-con-boxed e-con e-parent\" data-id=\"74a0df08\" data-element_type=\"container\" data-e-type=\"container\">\n\t\t\t\t\t<div class=\"e-con-inner\">\n\t\t\t\t<div class=\"elementor-element elementor-element-6b41689b elementor-widget elementor-widget-heading\" data-id=\"6b41689b\" data-element_type=\"widget\" data-e-type=\"widget\" data-widget_type=\"heading.default\">\n\t\t\t\t<div class=\"elementor-widget-container\">\n\t\t\t\t\t<h2 class=\"elementor-heading-title elementor-size-default\">MUNDIALITO FORMATIVAS<\/h2>\t\t\t\t<\/div>\n\t\t\t\t<\/div>\n\t\t\t\t\t<\/div>\n\t\t\t\t<\/div>\n\t\t<div class=\"elementor-element elementor-element-5cb3f376 e-grid elementor-hidden-tablet elementor-hidden-mobile e-con-boxed e-con e-parent\" data-id=\"5cb3f376\" data-element_type=\"container\" data-e-type=\"container\">\n\t\t\t\t\t<div class=\"e-con-inner\">\n\t\t\t\t<div class=\"elementor-element elementor-element-127b76d6 elementor-widget elementor-widget-image\" data-id=\"127b76d6\" data-element_type=\"widget\" data-e-type=\"widget\" data-widget_type=\"image.default\">\n\t\t\t\t<div class=\"elementor-widget-container\">\n\t\t\t\t\t\t\t\t\t\t\t\t\t\t\t<img fetchpriority=\"high\" decoding=\"async\" width=\"1080\" height=\"1080\" src=\"https:\/\/esquerra.com.ar\/hockey\/wp-content\/uploads\/Hockey_Mundialito_WEB.png\" class=\"attachment-large size-large wp-image-542\" alt=\"\" srcset=\"https:\/\/esquerra.com.ar\/hockey\/wp-content\/uploads\/Hockey_Mundialito_WEB.png 1080w, https:\/\/esquerra.com.ar\/hockey\/wp-content\/uploads\/Hockey_Mundialito_WEB-768x768.png 768w, https:\/\/esquerra.com.ar\/hockey\/wp-content\/uploads\/Hockey_Mundialito_WEB-300x300.png 300w, https:\/\/esquerra.com.ar\/hockey\/wp-content\/uploads\/Hockey_Mundialito_WEB-128x128.png 128w, https:\/\/esquerra.com.ar\/hockey\/wp-content\/uploads\/Hockey_Mundialito_WEB-32x32.png 32w\" sizes=\"(max-width: 1080px) 100vw, 1080px\" \/>\t\t\t\t\t\t\t\t\t\t\t\t\t\t\t<\/div>\n\t\t\t\t<\/div>\n\t\t\t\t<div class=\"elementor-element elementor-element-7bc893bc elementor-widget elementor-widget-image\" data-id=\"7bc893bc\" data-element_type=\"widget\" data-e-type=\"widget\" data-widget_type=\"image.default\">\n\t\t\t\t<div class=\"elementor-widget-container\">\n\t\t\t\t\t\t\t\t\t\t\t\t\t\t\t<img decoding=\"async\" width=\"1080\" height=\"1080\" src=\"https:\/\/esquerra.com.ar\/hockey\/wp-content\/uploads\/Mundialito-Hockey-Diciembre_CUAD.png\" class=\"attachment-large size-large wp-image-361\" alt=\"\" srcset=\"https:\/\/esquerra.com.ar\/hockey\/wp-content\/uploads\/Mundialito-Hockey-Diciembre_CUAD.png 1080w, https:\/\/esquerra.com.ar\/hockey\/wp-content\/uploads\/Mundialito-Hockey-Diciembre_CUAD-768x768.png 768w, https:\/\/esquerra.com.ar\/hockey\/wp-content\/uploads\/Mundialito-Hockey-Diciembre_CUAD-300x300.png 300w, https:\/\/esquerra.com.ar\/hockey\/wp-content\/uploads\/Mundialito-Hockey-Diciembre_CUAD-128x128.png 128w, https:\/\/esquerra.com.ar\/hockey\/wp-content\/uploads\/Mundialito-Hockey-Diciembre_CUAD-32x32.png 32w\" sizes=\"(max-width: 1080px) 100vw, 1080px\" \/>\t\t\t\t\t\t\t\t\t\t\t\t\t\t\t<\/div>\n\t\t\t\t<\/div>\n\t\t\t\t\t<\/div>\n\t\t\t\t<\/div>\n\t\t<div class=\"elementor-element elementor-element-1c7f932 e-grid elementor-hidden-tablet elementor-hidden-mobile e-con-boxed e-con e-parent\" data-id=\"1c7f932\" data-element_type=\"container\" data-e-type=\"container\">\n\t\t\t\t\t<div class=\"e-con-inner\">\n\t\t\t\t<div class=\"elementor-element elementor-element-c9d67b2 elementor-widget elementor-widget-heading\" data-id=\"c9d67b2\" data-element_type=\"widget\" data-e-type=\"widget\" data-widget_type=\"heading.default\">\n\t\t\t\t<div class=\"elementor-widget-container\">\n\t\t\t\t\t<h4 class=\"elementor-heading-title elementor-size-default\">DICIEMBRE 2025<\/h4>\t\t\t\t<\/div>\n\t\t\t\t<\/div>\n\t\t\t\t<div class=\"elementor-element elementor-element-57001d38 elementor-widget elementor-widget-heading\" data-id=\"57001d38\" data-element_type=\"widget\" data-e-type=\"widget\" data-widget_type=\"heading.default\">\n\t\t\t\t<div class=\"elementor-widget-container\">\n\t\t\t\t\t<h4 class=\"elementor-heading-title elementor-size-default\">DICIEMBRE 2024<\/h4>\t\t\t\t<\/div>\n\t\t\t\t<\/div>\n\t\t\t\t\t<\/div>\n\t\t\t\t<\/div>\n\t\t<div class=\"elementor-element elementor-element-6c91c9bb e-grid elementor-hidden-tablet elementor-hidden-mobile e-con-boxed e-con e-parent\" data-id=\"6c91c9bb\" data-element_type=\"container\" data-e-type=\"container\">\n\t\t\t\t\t<div class=\"e-con-inner\">\n\t\t\t\t<div class=\"elementor-element elementor-element-72eccf69 elementor-button-info elementor-align-center elementor-widget elementor-widget-button\" data-id=\"72eccf69\" data-element_type=\"widget\" data-e-type=\"widget\" data-widget_type=\"button.default\">\n\t\t\t\t<div class=\"elementor-widget-container\">\n\t\t\t\t\t\t\t\t\t<div class=\"elementor-button-wrapper\">\n\t\t\t\t\t<a class=\"elementor-button elementor-button-link elementor-size-sm\" href=\"https:\/\/esquerra.com.ar\/hockey\/mundialito-formativas-diciembre-2025\/\">\n\t\t\t\t\t\t<span class=\"elementor-button-content-wrapper\">\n\t\t\t\t\t\t\t\t\t<span class=\"elementor-button-text\">INGRES\u00c1 AL TORNEO<\/span>\n\t\t\t\t\t<\/span>\n\t\t\t\t\t<\/a>\n\t\t\t\t<\/div>\n\t\t\t\t\t\t\t\t<\/div>\n\t\t\t\t<\/div>\n\t\t\t\t<div class=\"elementor-element elementor-element-746c9da elementor-button-info elementor-align-center elementor-widget elementor-widget-button\" data-id=\"746c9da\" data-element_type=\"widget\" data-e-type=\"widget\" data-widget_type=\"button.default\">\n\t\t\t\t<div class=\"elementor-widget-container\">\n\t\t\t\t\t\t\t\t\t<div class=\"elementor-button-wrapper\">\n\t\t\t\t\t<a class=\"elementor-button elementor-button-link elementor-size-sm\" href=\"https:\/\/esquerra.com.ar\/hockey\/mundialito-formativas-diciembre-2024\/\">\n\t\t\t\t\t\t<span class=\"elementor-button-content-wrapper\">\n\t\t\t\t\t\t\t\t\t<span class=\"elementor-button-text\">INGRES\u00c1 AL TORNEO<\/span>\n\t\t\t\t\t<\/span>\n\t\t\t\t\t<\/a>\n\t\t\t\t<\/div>\n\t\t\t\t\t\t\t\t<\/div>\n\t\t\t\t<\/div>\n\t\t\t\t\t<\/div>\n\t\t\t\t<\/div>\n\t\t<div class=\"elementor-element elementor-element-6b97212c e-grid elementor-hidden-desktop e-con-boxed e-con e-parent\" data-id=\"6b97212c\" data-element_type=\"container\" data-e-type=\"container\">\n\t\t\t\t\t<div class=\"e-con-inner\">\n\t\t\t\t<div class=\"elementor-element elementor-element-22e22750 elementor-widget elementor-widget-image\" data-id=\"22e22750\" data-element_type=\"widget\" data-e-type=\"widget\" data-widget_type=\"image.default\">\n\t\t\t\t<div class=\"elementor-widget-container\">\n\t\t\t\t\t\t\t\t\t\t\t\t\t\t\t<img fetchpriority=\"high\" decoding=\"async\" width=\"1080\" height=\"1080\" src=\"https:\/\/esquerra.com.ar\/hockey\/wp-content\/uploads\/Hockey_Mundialito_WEB.png\" class=\"attachment-large size-large wp-image-542\" alt=\"\" srcset=\"https:\/\/esquerra.com.ar\/hockey\/wp-content\/uploads\/Hockey_Mundialito_WEB.png 1080w, https:\/\/esquerra.com.ar\/hockey\/wp-content\/uploads\/Hockey_Mundialito_WEB-768x768.png 768w, https:\/\/esquerra.com.ar\/hockey\/wp-content\/uploads\/Hockey_Mundialito_WEB-300x300.png 300w, https:\/\/esquerra.com.ar\/hockey\/wp-content\/uploads\/Hockey_Mundialito_WEB-128x128.png 128w, https:\/\/esquerra.com.ar\/hockey\/wp-content\/uploads\/Hockey_Mundialito_WEB-32x32.png 32w\" sizes=\"(max-width: 1080px) 100vw, 1080px\" \/>\t\t\t\t\t\t\t\t\t\t\t\t\t\t\t<\/div>\n\t\t\t\t<\/div>\n\t\t\t\t\t<\/div>\n\t\t\t\t<\/div>\n\t\t<div class=\"elementor-element elementor-element-203c4e96 e-grid elementor-hidden-desktop e-con-boxed e-con e-parent\" data-id=\"203c4e96\" data-element_type=\"container\" data-e-type=\"container\">\n\t\t\t\t\t<div class=\"e-con-inner\">\n\t\t\t\t<div class=\"elementor-element elementor-element-1ca1682 elementor-widget elementor-widget-heading\" data-id=\"1ca1682\" data-element_type=\"widget\" data-e-type=\"widget\" data-widget_type=\"heading.default\">\n\t\t\t\t<div class=\"elementor-widget-container\">\n\t\t\t\t\t<h4 class=\"elementor-heading-title elementor-size-default\">DICIEMBRE 2025<\/h4>\t\t\t\t<\/div>\n\t\t\t\t<\/div>\n\t\t\t\t\t<\/div>\n\t\t\t\t<\/div>\n\t\t<div class=\"elementor-element elementor-element-27fef2a0 e-grid elementor-hidden-desktop e-con-boxed e-con e-parent\" data-id=\"27fef2a0\" data-element_type=\"container\" data-e-type=\"container\">\n\t\t\t\t\t<div class=\"e-con-inner\">\n\t\t\t\t<div class=\"elementor-element elementor-element-42097ebf elementor-button-info elementor-align-center elementor-widget elementor-widget-button\" data-id=\"42097ebf\" data-element_type=\"widget\" data-e-type=\"widget\" data-widget_type=\"button.default\">\n\t\t\t\t<div class=\"elementor-widget-container\">\n\t\t\t\t\t\t\t\t\t<div class=\"elementor-button-wrapper\">\n\t\t\t\t\t<a class=\"elementor-button elementor-button-link elementor-size-sm\" href=\"https:\/\/esquerra.com.ar\/hockey\/mundialito-formativas-diciembre-2025\/\">\n\t\t\t\t\t\t<span class=\"elementor-button-content-wrapper\">\n\t\t\t\t\t\t\t\t\t<span class=\"elementor-button-text\">INGRES\u00c1 AL TORNEO<\/span>\n\t\t\t\t\t<\/span>\n\t\t\t\t\t<\/a>\n\t\t\t\t<\/div>\n\t\t\t\t\t\t\t\t<\/div>\n\t\t\t\t<\/div>\n\t\t\t\t\t<\/div>\n\t\t\t\t<\/div>\n\t\t<div class=\"elementor-element elementor-element-3206179e e-grid elementor-hidden-desktop e-con-boxed e-con e-parent\" data-id=\"3206179e\" data-element_type=\"container\" data-e-type=\"container\">\n\t\t\t\t\t<div class=\"e-con-inner\">\n\t\t\t\t<div class=\"elementor-element elementor-element-50a9c812 elementor-widget elementor-widget-image\" data-id=\"50a9c812\" data-element_type=\"widget\" data-e-type=\"widget\" data-widget_type=\"image.default\">\n\t\t\t\t<div class=\"elementor-widget-container\">\n\t\t\t\t\t\t\t\t\t\t\t\t\t\t\t<img decoding=\"async\" width=\"1080\" height=\"1080\" src=\"https:\/\/esquerra.com.ar\/hockey\/wp-content\/uploads\/Mundialito-Hockey-Diciembre_CUAD.png\" class=\"attachment-large size-large wp-image-361\" alt=\"\" srcset=\"https:\/\/esquerra.com.ar\/hockey\/wp-content\/uploads\/Mundialito-Hockey-Diciembre_CUAD.png 1080w, https:\/\/esquerra.com.ar\/hockey\/wp-content\/uploads\/Mundialito-Hockey-Diciembre_CUAD-768x768.png 768w, https:\/\/esquerra.com.ar\/hockey\/wp-content\/uploads\/Mundialito-Hockey-Diciembre_CUAD-300x300.png 300w, https:\/\/esquerra.com.ar\/hockey\/wp-content\/uploads\/Mundialito-Hockey-Diciembre_CUAD-128x128.png 128w, https:\/\/esquerra.com.ar\/hockey\/wp-content\/uploads\/Mundialito-Hockey-Diciembre_CUAD-32x32.png 32w\" sizes=\"(max-width: 1080px) 100vw, 1080px\" \/>\t\t\t\t\t\t\t\t\t\t\t\t\t\t\t<\/div>\n\t\t\t\t<\/div>\n\t\t\t\t\t<\/div>\n\t\t\t\t<\/div>\n\t\t<div class=\"elementor-element elementor-element-300ca019 e-grid elementor-hidden-desktop e-con-boxed e-con e-parent\" data-id=\"300ca019\" data-element_type=\"container\" data-e-type=\"container\">\n\t\t\t\t\t<div class=\"e-con-inner\">\n\t\t\t\t<div class=\"elementor-element elementor-element-6581965 elementor-widget elementor-widget-heading\" data-id=\"6581965\" data-element_type=\"widget\" data-e-type=\"widget\" data-widget_type=\"heading.default\">\n\t\t\t\t<div class=\"elementor-widget-container\">\n\t\t\t\t\t<h4 class=\"elementor-heading-title elementor-size-default\">DICIEMBRE 2024<\/h4>\t\t\t\t<\/div>\n\t\t\t\t<\/div>\n\t\t\t\t\t<\/div>\n\t\t\t\t<\/div>\n\t\t<div class=\"elementor-element elementor-element-1b370d01 e-grid elementor-hidden-desktop e-con-boxed e-con e-parent\" data-id=\"1b370d01\" data-element_type=\"container\" data-e-type=\"container\">\n\t\t\t\t\t<div class=\"e-con-inner\">\n\t\t\t\t<div class=\"elementor-element elementor-element-5eecf975 elementor-button-info elementor-align-center elementor-widget elementor-widget-button\" data-id=\"5eecf975\" data-element_type=\"widget\" data-e-type=\"widget\" data-widget_type=\"button.default\">\n\t\t\t\t<div class=\"elementor-widget-container\">\n\t\t\t\t\t\t\t\t\t<div class=\"elementor-button-wrapper\">\n\t\t\t\t\t<a class=\"elementor-button elementor-button-link elementor-size-sm\" href=\"https:\/\/esquerra.com.ar\/hockey\/mundialito-formativas-diciembre-2024\/\">\n\t\t\t\t\t\t<span class=\"elementor-button-content-wrapper\">\n\t\t\t\t\t\t\t\t\t<span class=\"elementor-button-text\">INGRES\u00c1 AL TORNEO<\/span>\n\t\t\t\t\t<\/span>\n\t\t\t\t\t<\/a>\n\t\t\t\t<\/div>\n\t\t\t\t\t\t\t\t<\/div>\n\t\t\t\t<\/div>\n\t\t\t\t\t<\/div>\n\t\t\t\t<\/div>\n\t\t\t\t<\/div>\n\t\t","protected":false},"excerpt":{"rendered":"<p>MUNDIALITO FORMATIVAS DICIEMBRE 2025 DICIEMBRE 2024 INGRES\u00c1 AL TORNEO INGRES\u00c1 AL TORNEO DICIEMBRE 2025 INGRES\u00c1 AL TORNEO DICIEMBRE 2024 INGRES\u00c1 AL TORNEO<\/p>\n","protected":false},"author":2,"featured_media":0,"parent":0,"menu_order":0,"comment_status":"closed","ping_status":"closed","template":"page-templates\/template-pagebuilder-full-width.php","meta":{"_coblocks_attr":"","_coblocks_dimensions":"","_coblocks_responsive_height":"","_coblocks_accordion_ie_support":"","neve_meta_sidebar":"","neve_meta_container":"","neve_meta_enable_content_width":"","neve_meta_content_width":0,"neve_meta_title_alignment":"","neve_meta_author_avatar":"","neve_post_elements_order":"","neve_meta_disable_header":"","neve_meta_disable_footer":"","neve_meta_disable_title":"","footnotes":""},"class_list":["post-534","page","type-page","status-publish","hentry"],"_links":{"self":[{"href":"https:\/\/esquerra.com.ar\/hockey\/wp-json\/wp\/v2\/pages\/534","targetHints":{"allow":["GET"]}}],"collection":[{"href":"https:\/\/esquerra.com.ar\/hockey\/wp-json\/wp\/v2\/pages"}],"about":[{"href":"https:\/\/esquerra.com.ar\/hockey\/wp-json\/wp\/v2\/types\/page"}],"author":[{"embeddable":true,"href":"https:\/\/esquerra.com.ar\/hockey\/wp-json\/wp\/v2\/users\/2"}],"replies":[{"embeddable":true,"href":"https:\/\/esquerra.com.ar\/hockey\/wp-json\/wp\/v2\/comments?post=534"}],"version-history":[{"count":10,"href":"https:\/\/esquerra.com.ar\/hockey\/wp-json\/wp\/v2\/pages\/534\/revisions"}],"predecessor-version":[{"id":556,"href":"https:\/\/esquerra.com.ar\/hockey\/wp-json\/wp\/v2\/pages\/534\/revisions\/556"}],"wp:attachment":[{"href":"https:\/\/esquerra.com.ar\/hockey\/wp-json\/wp\/v2\/media?parent=534"}],"curies":[{"name":"wp","href":"https:\/\/api.w.org\/{rel}","templated":true}]}}